{"id":9793,"date":"2022-07-03T19:33:30","date_gmt":"2022-07-03T19:33:30","guid":{"rendered":"https:\/\/kruger-eden-lodge.com\/news\/"},"modified":"2023-05-04T17:31:14","modified_gmt":"2023-05-04T17:31:14","slug":"noticias","status":"publish","type":"page","link":"https:\/\/kruger-eden-lodge.com\/pt-pt\/noticias\/","title":{"rendered":"Not\u00edcias"},"content":{"rendered":"\t\t<div data-elementor-type=\"wp-post\" data-elementor-id=\"9793\" class=\"elementor elementor-9793 elementor-3434\">\n\t\t\t\t\t\t<section class=\"elementor-section elementor-top-section elementor-element elementor-element-78934791 elementor-section-stretched elementor-section-height-min-height elementor-section-full_width elementor-section-height-default elementor-section-items-middle elementor-invisible\" data-id=\"78934791\" data-element_type=\"section\" data-settings=\"{&quot;stretch_section&quot;:&quot;section-stretched&quot;,&quot;background_background&quot;:&quot;classic&quot;,&quot;animation&quot;:&quot;fadeIn&quot;,&quot;hoteller_ext_is_background_parallax&quot;:&quot;false&quot;,&quot;hoteller_ext_is_background_on_scroll&quot;:&quot;false&quot;}\">\n\t\t\t\t\t\t\t<div class=\"elementor-background-overlay\"><\/div>\n\t\t\t\t\t\t\t<div class=\"elementor-container elementor-column-gap-default\">\n\t\t\t\t\t<div class=\"elementor-column elementor-col-100 elementor-top-column elementor-element elementor-element-10a4b6ca\" data-id=\"10a4b6ca\" data-element_type=\"column\" data-settings=\"{&quot;hoteller_ext_link_sidemenu&quot;:&quot;false&quot;,&quot;hoteller_ext_link_fullmenu&quot;:&quot;false&quot;,&quot;hoteller_ext_is_scrollme&quot;:&quot;false&quot;,&quot;hoteller_ext_is_smoove&quot;:&quot;false&quot;,&quot;hoteller_ext_is_parallax_mouse&quot;:&quot;false&quot;,&quot;hoteller_ext_is_infinite&quot;:&quot;false&quot;,&quot;hoteller_ext_is_fadeout_animation&quot;:&quot;false&quot;,&quot;hoteller_ext_mobile_static&quot;:&quot;false&quot;}\">\n\t\t\t<div class=\"elementor-widget-wrap elementor-element-populated\">\n\t\t\t\t\t\t<div class=\"elementor-element elementor-element-53e3c01e elementor-invisible elementor-widget elementor-widget-heading\" data-id=\"53e3c01e\" data-element_type=\"widget\" data-settings=\"{&quot;_animation&quot;:&quot;fadeIn&quot;,&quot;hoteller_ext_link_sidemenu&quot;:&quot;false&quot;,&quot;hoteller_ext_link_fullmenu&quot;:&quot;false&quot;,&quot;hoteller_ext_is_scrollme&quot;:&quot;false&quot;,&quot;hoteller_ext_is_smoove&quot;:&quot;false&quot;,&quot;hoteller_ext_is_parallax_mouse&quot;:&quot;false&quot;,&quot;hoteller_ext_is_infinite&quot;:&quot;false&quot;,&quot;hoteller_ext_is_fadeout_animation&quot;:&quot;false&quot;,&quot;hoteller_ext_mobile_static&quot;:&quot;false&quot;}\" data-widget_type=\"heading.default\">\n\t\t\t\t<div class=\"elementor-widget-container\">\n\t\t\t\t\t<h1 class=\"elementor-heading-title elementor-size-default\">Not\u00edcias<\/h1>\t\t\t\t<\/div>\n\t\t\t\t<\/div>\n\t\t\t\t<div class=\"elementor-element elementor-element-2ec32d32 elementor-invisible elementor-widget elementor-widget-heading\" data-id=\"2ec32d32\" data-element_type=\"widget\" data-settings=\"{&quot;_animation&quot;:&quot;fadeIn&quot;,&quot;_animation_delay&quot;:100,&quot;hoteller_ext_link_sidemenu&quot;:&quot;false&quot;,&quot;hoteller_ext_link_fullmenu&quot;:&quot;false&quot;,&quot;hoteller_ext_is_scrollme&quot;:&quot;false&quot;,&quot;hoteller_ext_is_smoove&quot;:&quot;false&quot;,&quot;hoteller_ext_is_parallax_mouse&quot;:&quot;false&quot;,&quot;hoteller_ext_is_infinite&quot;:&quot;false&quot;,&quot;hoteller_ext_is_fadeout_animation&quot;:&quot;false&quot;,&quot;hoteller_ext_mobile_static&quot;:&quot;false&quot;}\" data-widget_type=\"heading.default\">\n\t\t\t\t<div class=\"elementor-widget-container\">\n\t\t\t\t\t<h5 class=\"elementor-heading-title elementor-size-default\">Ler as nossas \u00faltimas publica\u00e7\u00f5es<\/h5>\t\t\t\t<\/div>\n\t\t\t\t<\/div>\n\t\t\t\t\t<\/div>\n\t\t<\/div>\n\t\t\t\t\t<\/div>\n\t\t<\/section>\n\t\t\t\t<section class=\"elementor-section elementor-top-section elementor-element elementor-element-1d9d9fe elementor-section-boxed elementor-section-height-default elementor-section-height-default elementor-invisible\" data-id=\"1d9d9fe\" data-element_type=\"section\" data-settings=\"{&quot;animation&quot;:&quot;fadeIn&quot;,&quot;hoteller_ext_is_background_parallax&quot;:&quot;false&quot;,&quot;hoteller_ext_is_background_on_scroll&quot;:&quot;false&quot;}\">\n\t\t\t\t\t\t<div class=\"elementor-container elementor-column-gap-default\">\n\t\t\t\t\t<div class=\"elementor-column elementor-col-100 elementor-top-column elementor-element elementor-element-9d7b847\" data-id=\"9d7b847\" data-element_type=\"column\" data-settings=\"{&quot;hoteller_ext_link_sidemenu&quot;:&quot;false&quot;,&quot;hoteller_ext_link_fullmenu&quot;:&quot;false&quot;,&quot;hoteller_ext_is_scrollme&quot;:&quot;false&quot;,&quot;hoteller_ext_is_smoove&quot;:&quot;false&quot;,&quot;hoteller_ext_is_parallax_mouse&quot;:&quot;false&quot;,&quot;hoteller_ext_is_infinite&quot;:&quot;false&quot;,&quot;hoteller_ext_is_fadeout_animation&quot;:&quot;false&quot;,&quot;hoteller_ext_mobile_static&quot;:&quot;false&quot;}\">\n\t\t\t<div class=\"elementor-widget-wrap elementor-element-populated\">\n\t\t\t\t\t\t<div class=\"elementor-element elementor-element-2dfc415 elementor-widget elementor-widget-hoteller-blog-posts\" data-id=\"2dfc415\" data-element_type=\"widget\" data-settings=\"{&quot;hoteller_ext_link_sidemenu&quot;:&quot;false&quot;,&quot;hoteller_ext_link_fullmenu&quot;:&quot;false&quot;,&quot;hoteller_ext_is_scrollme&quot;:&quot;false&quot;,&quot;hoteller_ext_is_smoove&quot;:&quot;false&quot;,&quot;hoteller_ext_is_parallax_mouse&quot;:&quot;false&quot;,&quot;hoteller_ext_is_infinite&quot;:&quot;false&quot;,&quot;hoteller_ext_is_fadeout_animation&quot;:&quot;false&quot;,&quot;hoteller_ext_mobile_static&quot;:&quot;false&quot;}\" data-widget_type=\"hoteller-blog-posts.default\">\n\t\t\t\t<div class=\"elementor-widget-container\">\n\t\t\t\t\t<div class=\"blog_post_content_wrapper layout_metro\">\n<div class=\"post_metro_left_wrapper\">\n<!-- Begin each blog post -->\n<div class=\"blog-posts-metro post-9829 post type-post status-publish format-standard has-post-thumbnail hentry category-vacation category-luxury tag-accomodation-pt-pt tag-animals-pt-pt tag-booking-pt-pt tag-design-pt-pt tag-drive-pt-pt tag-eden-pt-pt tag-game-pt-pt tag-guests-pt-pt tag-history-pt-pt tag-holiday-pt-pt tag-hotel-pt-pt tag-kruger-pt-pt tag-lodge-pt-pt tag-luxury-pt-pt tag-park-pt-pt tag-safari-pt-pt tag-vacation-pt-pt\">\n\n\t<div class=\"post_wrapper\">\n\t\t\n\t\t\t\t    <div class=\"post_img static\">\n\t\t\t    \t\t\t    <div class=\"post_img_hover lazy\">\n\t\t\t     \t\t\t\t\t     <img decoding=\"async\" src=\"\" data-src=\"https:\/\/kruger-eden-lodge.com\/wp-content\/uploads\/2022\/06\/k-IMG-20220706-WA0000-Bearbeitet-Kopie-480x610.jpg\" class=\"lazy_masonry\" alt=\"\"\/>\n\t\t\t\t     \t\t\t     \t\t\t\t     \t<a href=\"https:\/\/kruger-eden-lodge.com\/pt-pt\/luxury-hospitality-in-kruger-eden-lodge\/\"><\/a>\n\t\t\t    <\/div>\n\t\t    <\/div>\n\t\t\t    \n\t    <div class=\"post_content_wrapper text_left\">\n\t\t    \n\t\t    <div class=\"post_header\">\n\t\t\t    \t\t\t    <div class=\"post_detail single_post\">\n\t\t\t    \t<span class=\"post_info_cat\">\n\t\t\t\t\t\t\t\t\t\t\t\t      \t<a href=\"https:\/\/kruger-eden-lodge.com\/pt-pt\/category\/ferias\/\">F\u00e9rias<\/a>\n\t\t\t\t\t\t&nbsp;.&nbsp;\t\t\t\t\t\t      \t<a href=\"https:\/\/kruger-eden-lodge.com\/pt-pt\/category\/luxo\/\">Luxo<\/a>\n\t\t\t\t\t\t\t\t\t    \t<\/span>\n\t\t\t \t<\/div>\n\t\t\t \t\t\t\t\t<div class=\"post_header_title\">\n\t\t\t\t    <h5><a href=\"https:\/\/kruger-eden-lodge.com\/pt-pt\/luxury-hospitality-in-kruger-eden-lodge\/\" title=\"Tornar-se no Kruger Eden Lodge\">Tornar-se no Kruger Eden Lodge<\/a><\/h5>\n\t\t\t\t<\/div>\n\t\t\t<\/div>\n\t    \n\t\t\t<div class=\"post_header_wrapper\">\n\t\t\t\t\t\t\t    \t\t\t    <div class=\"post_button_wrapper\">\n\t\t\t    \t<div class=\"post_attribute\">\n\t\t\t\t\t    <a href=\"https:\/\/kruger-eden-lodge.com\/pt-pt\/luxury-hospitality-in-kruger-eden-lodge\/\" title=\"Tornar-se no Kruger Eden Lodge\">28\/11\/2023<\/a>\n\t\t\t\t\t<\/div>\n\t\t\t    <\/div>\n\t\t\t    \t\t\t<\/div>\n\t    <\/div>\n\t    \n\t<\/div>\n\n<\/div>\n<!-- End each blog post -->\n<\/div>\n<div class=\"post_metro_right_wrapper layout_metro_masonry\">\n<!-- Begin each blog post -->\n<div class=\"blog-posts-metro post-9825 post type-post status-publish format-standard has-post-thumbnail hentry category-wildlife tag-animals-pt-pt tag-drive-pt-pt tag-holiday-pt-pt tag-safari-pt-pt\">\n\n\t<div class=\"post_wrapper\">\n\t\t\n\t\t\t\t    <div class=\"post_img static\">\n\t\t\t    \t\t\t    <div class=\"post_img_hover lazy\">\n\t\t\t     \t\t\t\t\t     <img decoding=\"async\" src=\"\" data-src=\"https:\/\/kruger-eden-lodge.com\/wp-content\/uploads\/2022\/08\/k-Unbenannt-1-Kopie-300x223.jpg\" class=\"lazy_masonry\" alt=\"\"\/>\n\t\t\t\t     \t\t\t     \t\t\t\t     \t<a href=\"https:\/\/kruger-eden-lodge.com\/pt-pt\/best-safari-ever-in-kruger-national-park\/\"><\/a>\n\t\t\t    <\/div>\n\t\t    <\/div>\n\t\t\t    \n\t    <div class=\"post_content_wrapper text_left\">\n\t\t    \n\t\t    <div class=\"post_header\">\n\t\t\t    \t\t\t    <div class=\"post_detail single_post\">\n\t\t\t    \t<span class=\"post_info_cat\">\n\t\t\t\t\t\t\t\t\t\t\t\t      \t<a href=\"https:\/\/kruger-eden-lodge.com\/pt-pt\/category\/vida-selvagem\/\">Vida selvagem<\/a>\n\t\t\t\t\t\t\t\t\t    \t<\/span>\n\t\t\t \t<\/div>\n\t\t\t \t\t\t\t\t<div class=\"post_header_title\">\n\t\t\t\t    <h5><a href=\"https:\/\/kruger-eden-lodge.com\/pt-pt\/best-safari-ever-in-kruger-national-park\/\" title=\"Os Grandes Fant\u00e1sticos e como os encontrar\">Os Grandes Fant\u00e1sticos e como os encontrar<\/a><\/h5>\n\t\t\t\t<\/div>\n\t\t\t<\/div>\n\t    \n\t\t\t<div class=\"post_header_wrapper\">\n\t\t\t\t\t\t\t    \t\t\t    <div class=\"post_button_wrapper\">\n\t\t\t    \t<div class=\"post_attribute\">\n\t\t\t\t\t    <a href=\"https:\/\/kruger-eden-lodge.com\/pt-pt\/best-safari-ever-in-kruger-national-park\/\" title=\"Os Grandes Fant\u00e1sticos e como os encontrar\">28\/11\/2023<\/a>\n\t\t\t\t\t<\/div>\n\t\t\t    <\/div>\n\t\t\t    \t\t\t<\/div>\n\t    <\/div>\n\t    \n\t<\/div>\n\n<\/div>\n<!-- End each blog post -->\n<!-- Begin each blog post -->\n<div class=\"blog-posts-metro post-9818 post type-post status-publish format-standard has-post-thumbnail hentry category-photography tag-animals-pt-pt tag-vacation-pt-pt\">\n\n\t<div class=\"post_wrapper\">\n\t\t\n\t\t\t\t    <div class=\"post_img static\">\n\t\t\t    \t\t\t    <div class=\"post_img_hover lazy\">\n\t\t\t     \t\t\t\t\t     <img decoding=\"async\" src=\"\" data-src=\"https:\/\/kruger-eden-lodge.com\/wp-content\/uploads\/2022\/07\/Half-Day-Safari-2-300x225.jpg\" class=\"lazy_masonry\" alt=\"\"\/>\n\t\t\t\t     \t\t\t     \t\t\t\t     \t<a href=\"https:\/\/kruger-eden-lodge.com\/pt-pt\/disclosing-the-secrets-of-good-photos-in-kruger-national-park\/\"><\/a>\n\t\t\t    <\/div>\n\t\t    <\/div>\n\t\t\t    \n\t    <div class=\"post_content_wrapper text_left\">\n\t\t    \n\t\t    <div class=\"post_header\">\n\t\t\t    \t\t\t    <div class=\"post_detail single_post\">\n\t\t\t    \t<span class=\"post_info_cat\">\n\t\t\t\t\t\t\t\t\t\t\t\t      \t<a href=\"https:\/\/kruger-eden-lodge.com\/pt-pt\/category\/fotografia\/\">Fotografia<\/a>\n\t\t\t\t\t\t\t\t\t    \t<\/span>\n\t\t\t \t<\/div>\n\t\t\t \t\t\t\t\t<div class=\"post_header_title\">\n\t\t\t\t    <h5><a href=\"https:\/\/kruger-eden-lodge.com\/pt-pt\/disclosing-the-secrets-of-good-photos-in-kruger-national-park\/\" title=\"Safari e Fotografia Parte III (Post)\">Safari e Fotografia Parte III (Post)<\/a><\/h5>\n\t\t\t\t<\/div>\n\t\t\t<\/div>\n\t    \n\t\t\t<div class=\"post_header_wrapper\">\n\t\t\t\t\t\t\t    \t\t\t    <div class=\"post_button_wrapper\">\n\t\t\t    \t<div class=\"post_attribute\">\n\t\t\t\t\t    <a href=\"https:\/\/kruger-eden-lodge.com\/pt-pt\/disclosing-the-secrets-of-good-photos-in-kruger-national-park\/\" title=\"Safari e Fotografia Parte III (Post)\">28\/11\/2023<\/a>\n\t\t\t\t\t<\/div>\n\t\t\t    <\/div>\n\t\t\t    \t\t\t<\/div>\n\t    <\/div>\n\t    \n\t<\/div>\n\n<\/div>\n<!-- End each blog post -->\n<!-- Begin each blog post -->\n<div class=\"blog-posts-metro post-9816 post type-post status-publish format-standard has-post-thumbnail hentry category-guests tag-africa-pt-pt tag-animals-pt-pt tag-eden-pt-pt tag-holiday-pt-pt tag-hotel-pt-pt tag-interior-pt-pt tag-kruger-pt-pt tag-lodge-pt-pt tag-luxury-pt-pt tag-park-pt-pt tag-safari-pt-pt tag-vacation-pt-pt\">\n\n\t<div class=\"post_wrapper\">\n\t\t\n\t\t\t\t    <div class=\"post_img static\">\n\t\t\t    \t\t\t    <div class=\"post_img_hover lazy\">\n\t\t\t     \t\t\t\t\t     <img decoding=\"async\" src=\"\" data-src=\"https:\/\/kruger-eden-lodge.com\/wp-content\/uploads\/2022\/07\/k-IMG_20220801_165423-Bearbeitet-Kopie-225x300.jpg\" class=\"lazy_masonry\" alt=\"\"\/>\n\t\t\t\t     \t\t\t     \t\t\t\t     \t<a href=\"https:\/\/kruger-eden-lodge.com\/pt-pt\/best-holiday-ever-we-had-the-best-time-of-our-lifes-here\/\"><\/a>\n\t\t\t    <\/div>\n\t\t    <\/div>\n\t\t\t    \n\t    <div class=\"post_content_wrapper text_left\">\n\t\t    \n\t\t    <div class=\"post_header\">\n\t\t\t    \t\t\t    <div class=\"post_detail single_post\">\n\t\t\t    \t<span class=\"post_info_cat\">\n\t\t\t\t\t\t\t\t\t\t\t\t      \t<a href=\"https:\/\/kruger-eden-lodge.com\/pt-pt\/category\/convidados\/\">Convidados<\/a>\n\t\t\t\t\t\t\t\t\t    \t<\/span>\n\t\t\t \t<\/div>\n\t\t\t \t\t\t\t\t<div class=\"post_header_title\">\n\t\t\t\t    <h5><a href=\"https:\/\/kruger-eden-lodge.com\/pt-pt\/best-holiday-ever-we-had-the-best-time-of-our-lifes-here\/\" title=\"As melhores f\u00e9rias de sempre! Tivemos o melhor momento das nossas vidas aqui.\">As melhores f\u00e9rias de sempre! Tivemos o melhor momento das nossas vidas aqui.<\/a><\/h5>\n\t\t\t\t<\/div>\n\t\t\t<\/div>\n\t    \n\t\t\t<div class=\"post_header_wrapper\">\n\t\t\t\t\t\t\t    \t\t\t    <div class=\"post_button_wrapper\">\n\t\t\t    \t<div class=\"post_attribute\">\n\t\t\t\t\t    <a href=\"https:\/\/kruger-eden-lodge.com\/pt-pt\/best-holiday-ever-we-had-the-best-time-of-our-lifes-here\/\" title=\"As melhores f\u00e9rias de sempre! Tivemos o melhor momento das nossas vidas aqui.\">28\/11\/2023<\/a>\n\t\t\t\t\t<\/div>\n\t\t\t    <\/div>\n\t\t\t    \t\t\t<\/div>\n\t    <\/div>\n\t    \n\t<\/div>\n\n<\/div>\n<!-- End each blog post -->\n<!-- Begin each blog post -->\n<div class=\"blog-posts-metro post-9820 post type-post status-publish format-standard has-post-thumbnail hentry category-photography tag-animals-pt-pt tag-camera-pt-pt tag-drive-pt-pt tag-eden-pt-pt tag-kruger-pt-pt tag-lodge-pt-pt tag-park-pt-pt tag-photography-pt-pt tag-safari-pt-pt tag-vacation-pt-pt tag-wildlife-pt-pt\">\n\n\t<div class=\"post_wrapper\">\n\t\t\n\t\t\t\t    <div class=\"post_img static\">\n\t\t\t    \t\t\t    <div class=\"post_img_hover lazy\">\n\t\t\t     \t\t\t\t\t     <img decoding=\"async\" src=\"\" data-src=\"https:\/\/kruger-eden-lodge.com\/wp-content\/uploads\/2022\/07\/k-11_Grashopper-to-go-1.jpg\" class=\"lazy_masonry\" alt=\"\"\/>\n\t\t\t\t     \t\t\t     \t\t\t\t     \t<a href=\"https:\/\/kruger-eden-lodge.com\/pt-pt\/amenities-in-our-lodge-kruger-national-park\/\"><\/a>\n\t\t\t    <\/div>\n\t\t    <\/div>\n\t\t\t    \n\t    <div class=\"post_content_wrapper text_left\">\n\t\t    \n\t\t    <div class=\"post_header\">\n\t\t\t    \t\t\t    <div class=\"post_detail single_post\">\n\t\t\t    \t<span class=\"post_info_cat\">\n\t\t\t\t\t\t\t\t\t\t\t\t      \t<a href=\"https:\/\/kruger-eden-lodge.com\/pt-pt\/category\/fotografia\/\">Fotografia<\/a>\n\t\t\t\t\t\t\t\t\t    \t<\/span>\n\t\t\t \t<\/div>\n\t\t\t \t\t\t\t\t<div class=\"post_header_title\">\n\t\t\t\t    <h5><a href=\"https:\/\/kruger-eden-lodge.com\/pt-pt\/amenities-in-our-lodge-kruger-national-park\/\" title=\"Condu\u00e7\u00e3o de Ca\u00e7a e Fotografia Parte II (Motivos &amp; M\u00e9todos)\">Condu\u00e7\u00e3o de Ca\u00e7a e Fotografia Parte II (Motivos &amp; M\u00e9todos)<\/a><\/h5>\n\t\t\t\t<\/div>\n\t\t\t<\/div>\n\t    \n\t\t\t<div class=\"post_header_wrapper\">\n\t\t\t\t\t\t\t    \t\t\t    <div class=\"post_button_wrapper\">\n\t\t\t    \t<div class=\"post_attribute\">\n\t\t\t\t\t    <a href=\"https:\/\/kruger-eden-lodge.com\/pt-pt\/amenities-in-our-lodge-kruger-national-park\/\" title=\"Condu\u00e7\u00e3o de Ca\u00e7a e Fotografia Parte II (Motivos &amp; M\u00e9todos)\">28\/11\/2023<\/a>\n\t\t\t\t\t<\/div>\n\t\t\t    <\/div>\n\t\t\t    \t\t\t<\/div>\n\t    <\/div>\n\t    \n\t<\/div>\n\n<\/div>\n<!-- End each blog post -->\n<!-- Begin each blog post -->\n<div class=\"blog-posts-metro post-9826 post type-post status-publish format-standard has-post-thumbnail hentry category-vida-selvagem tag-animals-pt-pt tag-camera-pt-pt tag-drive-pt-pt tag-eden-pt-pt tag-game-pt-pt tag-hotel-pt-pt tag-kruger-pt-pt tag-lodge-pt-pt tag-luxury-pt-pt tag-park-pt-pt tag-photography-pt-pt tag-safari-pt-pt tag-vacation-pt-pt tag-wildlife-pt-pt\">\n\n\t<div class=\"post_wrapper\">\n\t\t\n\t\t\t\t    <div class=\"post_img static\">\n\t\t\t    \t\t\t    <div class=\"post_img_hover lazy\">\n\t\t\t     \t\t\t\t\t     <img decoding=\"async\" src=\"\" data-src=\"https:\/\/kruger-eden-lodge.com\/wp-content\/uploads\/2022\/07\/k-IMG_20200821_091347-225x300.jpg\" class=\"lazy_masonry\" alt=\"\"\/>\n\t\t\t\t     \t\t\t     \t\t\t\t     \t<a href=\"https:\/\/kruger-eden-lodge.com\/pt-pt\/how-we-spent-our-14-days-in-the-kruger-eden-lodge\/\"><\/a>\n\t\t\t    <\/div>\n\t\t    <\/div>\n\t\t\t    \n\t    <div class=\"post_content_wrapper text_left\">\n\t\t    \n\t\t    <div class=\"post_header\">\n\t\t\t    \t\t\t    <div class=\"post_detail single_post\">\n\t\t\t    \t<span class=\"post_info_cat\">\n\t\t\t\t\t\t\t\t\t\t\t\t      \t<a href=\"https:\/\/kruger-eden-lodge.com\/pt-pt\/category\/vida-selvagem\/\">Vida selvagem<\/a>\n\t\t\t\t\t\t\t\t\t    \t<\/span>\n\t\t\t \t<\/div>\n\t\t\t \t\t\t\t\t<div class=\"post_header_title\">\n\t\t\t\t    <h5><a href=\"https:\/\/kruger-eden-lodge.com\/pt-pt\/how-we-spent-our-14-days-in-the-kruger-eden-lodge\/\" title=\"O que \u00e9 que anda \u00e0 volta do Kruger Eden Lodge?\">O que \u00e9 que anda \u00e0 volta do Kruger Eden Lodge?<\/a><\/h5>\n\t\t\t\t<\/div>\n\t\t\t<\/div>\n\t    \n\t\t\t<div class=\"post_header_wrapper\">\n\t\t\t\t\t\t\t    \t\t\t    <div class=\"post_button_wrapper\">\n\t\t\t    \t<div class=\"post_attribute\">\n\t\t\t\t\t    <a href=\"https:\/\/kruger-eden-lodge.com\/pt-pt\/how-we-spent-our-14-days-in-the-kruger-eden-lodge\/\" title=\"O que \u00e9 que anda \u00e0 volta do Kruger Eden Lodge?\">28\/11\/2023<\/a>\n\t\t\t\t\t<\/div>\n\t\t\t    <\/div>\n\t\t\t    \t\t\t<\/div>\n\t    <\/div>\n\t    \n\t<\/div>\n\n<\/div>\n<!-- End each blog post -->\n<!-- Begin each blog post -->\n<div class=\"blog-posts-metro post-9827 post type-post status-publish format-standard has-post-thumbnail hentry category-interior-design tag-africa-pt-pt tag-animals-pt-pt tag-craftmanship-pt-pt tag-design-pt-pt tag-drive-pt-pt tag-eden-pt-pt tag-hardekool-pt-pt tag-interior-pt-pt tag-leadwood-pt-pt tag-lodge-pt-pt tag-luxury-pt-pt tag-trees-pt-pt tag-vacation-pt-pt tag-wood-pt-pt\">\n\n\t<div class=\"post_wrapper\">\n\t\t\n\t\t\t\t    <div class=\"post_img static\">\n\t\t\t    \t\t\t    <div class=\"post_img_hover lazy\">\n\t\t\t     \t\t\t\t\t     <img decoding=\"async\" src=\"\" data-src=\"https:\/\/kruger-eden-lodge.com\/wp-content\/uploads\/2022\/07\/k-Screenshot_20220822_084651-195x300.jpg\" class=\"lazy_masonry\" alt=\"\"\/>\n\t\t\t\t     \t\t\t     \t\t\t\t     \t<a href=\"https:\/\/kruger-eden-lodge.com\/pt-pt\/the-kruger-trends-to-watch-in-2022\/\"><\/a>\n\t\t\t    <\/div>\n\t\t    <\/div>\n\t\t\t    \n\t    <div class=\"post_content_wrapper text_left\">\n\t\t    \n\t\t    <div class=\"post_header\">\n\t\t\t    \t\t\t    <div class=\"post_detail single_post\">\n\t\t\t    \t<span class=\"post_info_cat\">\n\t\t\t\t\t\t\t\t\t\t\t\t      \t<a href=\"https:\/\/kruger-eden-lodge.com\/pt-pt\/category\/design-de-interiores\/\">Design de interiores<\/a>\n\t\t\t\t\t\t\t\t\t    \t<\/span>\n\t\t\t \t<\/div>\n\t\t\t \t\t\t\t\t<div class=\"post_header_title\">\n\t\t\t\t    <h5><a href=\"https:\/\/kruger-eden-lodge.com\/pt-pt\/the-kruger-trends-to-watch-in-2022\/\" title=\"O segredo do Chumbo\">O segredo do Chumbo<\/a><\/h5>\n\t\t\t\t<\/div>\n\t\t\t<\/div>\n\t    \n\t\t\t<div class=\"post_header_wrapper\">\n\t\t\t\t\t\t\t    \t\t\t    <div class=\"post_button_wrapper\">\n\t\t\t    \t<div class=\"post_attribute\">\n\t\t\t\t\t    <a href=\"https:\/\/kruger-eden-lodge.com\/pt-pt\/the-kruger-trends-to-watch-in-2022\/\" title=\"O segredo do Chumbo\">28\/11\/2023<\/a>\n\t\t\t\t\t<\/div>\n\t\t\t    <\/div>\n\t\t\t    \t\t\t<\/div>\n\t    <\/div>\n\t    \n\t<\/div>\n\n<\/div>\n<!-- End each blog post -->\n<!-- Begin each blog post -->\n<div class=\"blog-posts-metro post-9828 post type-post status-publish format-standard has-post-thumbnail hentry category-vacation tag-accomodation-pt-pt tag-animals-pt-pt tag-booking-pt-pt tag-camera-pt-pt tag-drive-pt-pt tag-eden-pt-pt tag-game-pt-pt tag-hotel-pt-pt tag-interior-pt-pt tag-kruger-pt-pt tag-lodge-pt-pt tag-luxury-pt-pt tag-park-pt-pt tag-photography-pt-pt tag-safari-pt-pt tag-vacation-pt-pt\">\n\n\t<div class=\"post_wrapper\">\n\t\t\n\t\t\t\t    <div class=\"post_img static\">\n\t\t\t    \t\t\t    <div class=\"post_img_hover lazy\">\n\t\t\t     \t\t\t\t\t     <img decoding=\"async\" src=\"\" data-src=\"https:\/\/kruger-eden-lodge.com\/wp-content\/uploads\/2022\/08\/k-IMG_20220729_163723-Bearbeitet-Kopie-300x225.jpg\" class=\"lazy_masonry\" alt=\"\"\/>\n\t\t\t\t     \t\t\t     \t\t\t\t     \t<a href=\"https:\/\/kruger-eden-lodge.com\/pt-pt\/family-mueller-7-days-experience-in-kruger-national-park\/\"><\/a>\n\t\t\t    <\/div>\n\t\t    <\/div>\n\t\t\t    \n\t    <div class=\"post_content_wrapper text_left\">\n\t\t    \n\t\t    <div class=\"post_header\">\n\t\t\t    \t\t\t    <div class=\"post_detail single_post\">\n\t\t\t    \t<span class=\"post_info_cat\">\n\t\t\t\t\t\t\t\t\t\t\t\t      \t<a href=\"https:\/\/kruger-eden-lodge.com\/pt-pt\/category\/ferias\/\">F\u00e9rias<\/a>\n\t\t\t\t\t\t\t\t\t    \t<\/span>\n\t\t\t \t<\/div>\n\t\t\t \t\t\t\t\t<div class=\"post_header_title\">\n\t\t\t\t    <h5><a href=\"https:\/\/kruger-eden-lodge.com\/pt-pt\/family-mueller-7-days-experience-in-kruger-national-park\/\" title=\"Caminhando pelo Kruger\">Caminhando pelo Kruger<\/a><\/h5>\n\t\t\t\t<\/div>\n\t\t\t<\/div>\n\t    \n\t\t\t<div class=\"post_header_wrapper\">\n\t\t\t\t\t\t\t    \t\t\t    <div class=\"post_button_wrapper\">\n\t\t\t    \t<div class=\"post_attribute\">\n\t\t\t\t\t    <a href=\"https:\/\/kruger-eden-lodge.com\/pt-pt\/family-mueller-7-days-experience-in-kruger-national-park\/\" title=\"Caminhando pelo Kruger\">28\/11\/2023<\/a>\n\t\t\t\t\t<\/div>\n\t\t\t    <\/div>\n\t\t\t    \t\t\t<\/div>\n\t    <\/div>\n\t    \n\t<\/div>\n\n<\/div>\n<!-- End each blog post -->\n<!-- Begin each blog post -->\n<div class=\"blog-posts-metro post-9821 post type-post status-publish format-standard has-post-thumbnail hentry category-photography tag-animals-pt-pt tag-camera-pt-pt tag-drive-pt-pt tag-eden-pt-pt tag-game-pt-pt tag-kruger-pt-pt tag-lodge-pt-pt tag-park-pt-pt tag-photography-pt-pt tag-safari-pt-pt tag-vacation-pt-pt tag-wildlife-pt-pt\">\n\n\t<div class=\"post_wrapper\">\n\t\t\n\t\t\t\t    <div class=\"post_img static\">\n\t\t\t    \t\t\t    <div class=\"post_img_hover lazy\">\n\t\t\t     \t\t\t\t\t     <img decoding=\"async\" src=\"\" data-src=\"https:\/\/kruger-eden-lodge.com\/wp-content\/uploads\/2022\/07\/k-6O8A7136-1-300x225.jpg\" class=\"lazy_masonry\" alt=\"\"\/>\n\t\t\t\t     \t\t\t     \t\t\t\t     \t<a href=\"https:\/\/kruger-eden-lodge.com\/pt-pt\/luxury-room-categories-in-kruger-national-park\/\"><\/a>\n\t\t\t    <\/div>\n\t\t    <\/div>\n\t\t\t    \n\t    <div class=\"post_content_wrapper text_left\">\n\t\t    \n\t\t    <div class=\"post_header\">\n\t\t\t    \t\t\t    <div class=\"post_detail single_post\">\n\t\t\t    \t<span class=\"post_info_cat\">\n\t\t\t\t\t\t\t\t\t\t\t\t      \t<a href=\"https:\/\/kruger-eden-lodge.com\/pt-pt\/category\/fotografia\/\">Fotografia<\/a>\n\t\t\t\t\t\t\t\t\t    \t<\/span>\n\t\t\t \t<\/div>\n\t\t\t \t\t\t\t\t<div class=\"post_header_title\">\n\t\t\t\t    <h5><a href=\"https:\/\/kruger-eden-lodge.com\/pt-pt\/luxury-room-categories-in-kruger-national-park\/\" title=\"Condu\u00e7\u00e3o de ca\u00e7a e fotografia &#8211; Parte I (Equipamento)\">Condu\u00e7\u00e3o de ca\u00e7a e fotografia &#8211; Parte I (Equipamento)<\/a><\/h5>\n\t\t\t\t<\/div>\n\t\t\t<\/div>\n\t    \n\t\t\t<div class=\"post_header_wrapper\">\n\t\t\t\t\t\t\t    \t\t\t    <div class=\"post_button_wrapper\">\n\t\t\t    \t<div class=\"post_attribute\">\n\t\t\t\t\t    <a href=\"https:\/\/kruger-eden-lodge.com\/pt-pt\/luxury-room-categories-in-kruger-national-park\/\" title=\"Condu\u00e7\u00e3o de ca\u00e7a e fotografia &#8211; Parte I (Equipamento)\">28\/11\/2023<\/a>\n\t\t\t\t\t<\/div>\n\t\t\t    <\/div>\n\t\t\t    \t\t\t<\/div>\n\t    <\/div>\n\t    \n\t<\/div>\n\n<\/div>\n<!-- End each blog post -->\n<\/div><br class=\"clear\"\/>\n<\/div>\n<br class=\"clear\"\/>\t\t\t\t<\/div>\n\t\t\t\t<\/div>\n\t\t\t\t\t<\/div>\n\t\t<\/div>\n\t\t\t\t\t<\/div>\n\t\t<\/section>\n\t\t\t\t<\/div>\n\t\t","protected":false},"excerpt":{"rendered":"<p>Not\u00edcias Ler as nossas \u00faltimas publica\u00e7\u00f5es<\/p>\n","protected":false},"author":2,"featured_media":0,"parent":0,"menu_order":0,"comment_status":"closed","ping_status":"closed","template":"","meta":{"_monsterinsights_skip_tracking":false,"_monsterinsights_sitenote_active":false,"_monsterinsights_sitenote_note":"","_monsterinsights_sitenote_category":0,"footnotes":""},"class_list":["post-9793","page","type-page","status-publish","hentry"],"aioseo_notices":[],"_links":{"self":[{"href":"https:\/\/kruger-eden-lodge.com\/pt-pt\/wp-json\/wp\/v2\/pages\/9793","targetHints":{"allow":["GET"]}}],"collection":[{"href":"https:\/\/kruger-eden-lodge.com\/pt-pt\/wp-json\/wp\/v2\/pages"}],"about":[{"href":"https:\/\/kruger-eden-lodge.com\/pt-pt\/wp-json\/wp\/v2\/types\/page"}],"author":[{"embeddable":true,"href":"https:\/\/kruger-eden-lodge.com\/pt-pt\/wp-json\/wp\/v2\/users\/2"}],"replies":[{"embeddable":true,"href":"https:\/\/kruger-eden-lodge.com\/pt-pt\/wp-json\/wp\/v2\/comments?post=9793"}],"version-history":[{"count":4,"href":"https:\/\/kruger-eden-lodge.com\/pt-pt\/wp-json\/wp\/v2\/pages\/9793\/revisions"}],"predecessor-version":[{"id":9797,"href":"https:\/\/kruger-eden-lodge.com\/pt-pt\/wp-json\/wp\/v2\/pages\/9793\/revisions\/9797"}],"wp:attachment":[{"href":"https:\/\/kruger-eden-lodge.com\/pt-pt\/wp-json\/wp\/v2\/media?parent=9793"}],"curies":[{"name":"wp","href":"https:\/\/api.w.org\/{rel}","templated":true}]}}