{"id":9778,"date":"2022-07-19T19:57:39","date_gmt":"2022-07-19T19:57:39","guid":{"rendered":"https:\/\/kruger-eden-lodge.com\/price-list\/"},"modified":"2026-01-04T20:11:42","modified_gmt":"2026-01-04T20:11:42","slug":"lista-de-precos","status":"publish","type":"page","link":"https:\/\/kruger-eden-lodge.com\/pt-pt\/lista-de-precos\/","title":{"rendered":"Lista de pre\u00e7os"},"content":{"rendered":"\t\t<div data-elementor-type=\"wp-page\" data-elementor-id=\"9778\" class=\"elementor elementor-9778 elementor-4845\">\n\t\t\t\t\t\t<section class=\"elementor-section elementor-top-section elementor-element elementor-element-abf1773 elementor-section-stretched elementor-section-boxed elementor-section-height-default elementor-section-height-default\" data-id=\"abf1773\" data-element_type=\"section\" data-settings=\"{&quot;stretch_section&quot;:&quot;section-stretched&quot;,&quot;hoteller_ext_is_background_parallax&quot;:&quot;false&quot;,&quot;hoteller_ext_is_background_on_scroll&quot;:&quot;false&quot;}\">\n\t\t\t\t\t\t<div class=\"elementor-container elementor-column-gap-default\">\n\t\t\t\t\t<div class=\"elementor-column elementor-col-100 elementor-top-column elementor-element elementor-element-1dde7b9\" data-id=\"1dde7b9\" data-element_type=\"column\" data-settings=\"{&quot;hoteller_ext_link_sidemenu&quot;:&quot;false&quot;,&quot;hoteller_ext_link_fullmenu&quot;:&quot;false&quot;,&quot;hoteller_ext_is_scrollme&quot;:&quot;false&quot;,&quot;hoteller_ext_is_smoove&quot;:&quot;false&quot;,&quot;hoteller_ext_is_parallax_mouse&quot;:&quot;false&quot;,&quot;hoteller_ext_is_infinite&quot;:&quot;false&quot;,&quot;hoteller_ext_is_fadeout_animation&quot;:&quot;false&quot;,&quot;hoteller_ext_mobile_static&quot;:&quot;false&quot;}\">\n\t\t\t<div class=\"elementor-widget-wrap elementor-element-populated\">\n\t\t\t\t\t\t<div class=\"elementor-element elementor-element-7c487d9 elementor-widget elementor-widget-image\" data-id=\"7c487d9\" data-element_type=\"widget\" data-settings=\"{&quot;hoteller_image_is_animation&quot;:&quot;false&quot;,&quot;hoteller_ext_link_sidemenu&quot;:&quot;false&quot;,&quot;hoteller_ext_link_fullmenu&quot;:&quot;false&quot;,&quot;hoteller_ext_is_scrollme&quot;:&quot;false&quot;,&quot;hoteller_ext_is_smoove&quot;:&quot;false&quot;,&quot;hoteller_ext_is_parallax_mouse&quot;:&quot;false&quot;,&quot;hoteller_ext_is_infinite&quot;:&quot;false&quot;,&quot;hoteller_ext_is_fadeout_animation&quot;:&quot;false&quot;,&quot;hoteller_ext_mobile_static&quot;:&quot;false&quot;}\" data-widget_type=\"image.default\">\n\t\t\t\t<div class=\"elementor-widget-container\">\n\t\t\t\t\t\t\t\t\t\t\t\t\t\t\t<img fetchpriority=\"high\" decoding=\"async\" width=\"469\" height=\"751\" src=\"https:\/\/kruger-eden-lodge.com\/wp-content\/uploads\/2026\/01\/price-list-26-final.png\" class=\"attachment-2048x2048 size-2048x2048 wp-image-10704\" alt=\"\" srcset=\"https:\/\/kruger-eden-lodge.com\/wp-content\/uploads\/2026\/01\/price-list-26-final.png 469w, https:\/\/kruger-eden-lodge.com\/wp-content\/uploads\/2026\/01\/price-list-26-final-187x300.png 187w, https:\/\/kruger-eden-lodge.com\/wp-content\/uploads\/2026\/01\/price-list-26-final-440x705.png 440w\" sizes=\"(max-width: 469px) 100vw, 469px\" \/>\t\t\t\t\t\t\t\t\t\t\t\t\t\t\t<\/div>\n\t\t\t\t<\/div>\n\t\t\t\t<div class=\"elementor-element elementor-element-783f2e3 elementor-widget elementor-widget-text-editor\" data-id=\"783f2e3\" data-element_type=\"widget\" data-settings=\"{&quot;hoteller_ext_link_sidemenu&quot;:&quot;false&quot;,&quot;hoteller_ext_link_fullmenu&quot;:&quot;false&quot;,&quot;hoteller_ext_is_scrollme&quot;:&quot;false&quot;,&quot;hoteller_ext_is_smoove&quot;:&quot;false&quot;,&quot;hoteller_ext_is_parallax_mouse&quot;:&quot;false&quot;,&quot;hoteller_ext_is_infinite&quot;:&quot;false&quot;,&quot;hoteller_ext_is_fadeout_animation&quot;:&quot;false&quot;,&quot;hoteller_ext_mobile_static&quot;:&quot;false&quot;}\" data-widget_type=\"text-editor.default\">\n\t\t\t\t<div class=\"elementor-widget-container\">\n\t\t\t\t\t\t\t\t\t<p>A lista de pre\u00e7os \u00e9 v\u00e1lida at\u00e9 31.12.2026. Os servi\u00e7os listados que sejam utilizados ap\u00f3s esta data podem ter um pre\u00e7o diferente. Para tal, contacte-nos.<\/p>\t\t\t\t\t\t\t\t<\/div>\n\t\t\t\t<\/div>\n\t\t\t\t\t<\/div>\n\t\t<\/div>\n\t\t\t\t\t<\/div>\n\t\t<\/section>\n\t\t\t\t<\/div>\n\t\t","protected":false},"excerpt":{"rendered":"<p>A lista de pre\u00e7os \u00e9 v\u00e1lida at\u00e9 31.12.2026. Os servi\u00e7os listados que sejam utilizados ap\u00f3s esta data podem ter um pre\u00e7o diferente. Para tal, contacte-nos.<\/p>\n","protected":false},"author":2,"featured_media":0,"parent":0,"menu_order":0,"comment_status":"closed","ping_status":"closed","template":"","meta":{"_monsterinsights_skip_tracking":false,"_monsterinsights_sitenote_active":false,"_monsterinsights_sitenote_note":"","_monsterinsights_sitenote_category":0,"footnotes":""},"class_list":["post-9778","page","type-page","status-publish","hentry"],"aioseo_notices":[],"_links":{"self":[{"href":"https:\/\/kruger-eden-lodge.com\/pt-pt\/wp-json\/wp\/v2\/pages\/9778","targetHints":{"allow":["GET"]}}],"collection":[{"href":"https:\/\/kruger-eden-lodge.com\/pt-pt\/wp-json\/wp\/v2\/pages"}],"about":[{"href":"https:\/\/kruger-eden-lodge.com\/pt-pt\/wp-json\/wp\/v2\/types\/page"}],"author":[{"embeddable":true,"href":"https:\/\/kruger-eden-lodge.com\/pt-pt\/wp-json\/wp\/v2\/users\/2"}],"replies":[{"embeddable":true,"href":"https:\/\/kruger-eden-lodge.com\/pt-pt\/wp-json\/wp\/v2\/comments?post=9778"}],"version-history":[{"count":5,"href":"https:\/\/kruger-eden-lodge.com\/pt-pt\/wp-json\/wp\/v2\/pages\/9778\/revisions"}],"predecessor-version":[{"id":10721,"href":"https:\/\/kruger-eden-lodge.com\/pt-pt\/wp-json\/wp\/v2\/pages\/9778\/revisions\/10721"}],"wp:attachment":[{"href":"https:\/\/kruger-eden-lodge.com\/pt-pt\/wp-json\/wp\/v2\/media?parent=9778"}],"curies":[{"name":"wp","href":"https:\/\/api.w.org\/{rel}","templated":true}]}}