{"id":6638,"date":"2022-07-19T19:57:39","date_gmt":"2022-07-19T19:57:39","guid":{"rendered":"https:\/\/kruger-eden-lodge.com\/price-list\/"},"modified":"2026-01-04T20:11:16","modified_gmt":"2026-01-04T20:11:16","slug":"price-list","status":"publish","type":"page","link":"https:\/\/kruger-eden-lodge.com\/de\/price-list\/","title":{"rendered":"Preisliste"},"content":{"rendered":"\t\t<div data-elementor-type=\"wp-page\" data-elementor-id=\"6638\" class=\"elementor elementor-6638 elementor-4845\">\n\t\t\t\t\t\t<section class=\"elementor-section elementor-top-section elementor-element elementor-element-25251fd elementor-section-stretched elementor-section-boxed elementor-section-height-default elementor-section-height-default\" data-id=\"25251fd\" data-element_type=\"section\" data-settings=\"{&quot;stretch_section&quot;:&quot;section-stretched&quot;,&quot;hoteller_ext_is_background_parallax&quot;:&quot;false&quot;,&quot;hoteller_ext_is_background_on_scroll&quot;:&quot;false&quot;}\">\n\t\t\t\t\t\t<div class=\"elementor-container elementor-column-gap-default\">\n\t\t\t\t\t<div class=\"elementor-column elementor-col-100 elementor-top-column elementor-element elementor-element-35630b2\" data-id=\"35630b2\" data-element_type=\"column\" data-settings=\"{&quot;hoteller_ext_link_sidemenu&quot;:&quot;false&quot;,&quot;hoteller_ext_link_fullmenu&quot;:&quot;false&quot;,&quot;hoteller_ext_is_scrollme&quot;:&quot;false&quot;,&quot;hoteller_ext_is_smoove&quot;:&quot;false&quot;,&quot;hoteller_ext_is_parallax_mouse&quot;:&quot;false&quot;,&quot;hoteller_ext_is_infinite&quot;:&quot;false&quot;,&quot;hoteller_ext_is_fadeout_animation&quot;:&quot;false&quot;,&quot;hoteller_ext_mobile_static&quot;:&quot;false&quot;}\">\n\t\t\t<div class=\"elementor-widget-wrap elementor-element-populated\">\n\t\t\t\t\t\t<div class=\"elementor-element elementor-element-8990f53 elementor-widget elementor-widget-image\" data-id=\"8990f53\" data-element_type=\"widget\" data-settings=\"{&quot;hoteller_image_is_animation&quot;:&quot;false&quot;,&quot;hoteller_ext_link_sidemenu&quot;:&quot;false&quot;,&quot;hoteller_ext_link_fullmenu&quot;:&quot;false&quot;,&quot;hoteller_ext_is_scrollme&quot;:&quot;false&quot;,&quot;hoteller_ext_is_smoove&quot;:&quot;false&quot;,&quot;hoteller_ext_is_parallax_mouse&quot;:&quot;false&quot;,&quot;hoteller_ext_is_infinite&quot;:&quot;false&quot;,&quot;hoteller_ext_is_fadeout_animation&quot;:&quot;false&quot;,&quot;hoteller_ext_mobile_static&quot;:&quot;false&quot;}\" data-widget_type=\"image.default\">\n\t\t\t\t<div class=\"elementor-widget-container\">\n\t\t\t\t\t\t\t\t\t\t\t\t\t\t\t<img fetchpriority=\"high\" decoding=\"async\" width=\"469\" height=\"751\" src=\"https:\/\/kruger-eden-lodge.com\/wp-content\/uploads\/2026\/01\/price-list-26-final.png\" class=\"attachment-2048x2048 size-2048x2048 wp-image-10703\" alt=\"\" srcset=\"https:\/\/kruger-eden-lodge.com\/wp-content\/uploads\/2026\/01\/price-list-26-final.png 469w, https:\/\/kruger-eden-lodge.com\/wp-content\/uploads\/2026\/01\/price-list-26-final-187x300.png 187w, https:\/\/kruger-eden-lodge.com\/wp-content\/uploads\/2026\/01\/price-list-26-final-440x705.png 440w\" sizes=\"(max-width: 469px) 100vw, 469px\" \/>\t\t\t\t\t\t\t\t\t\t\t\t\t\t\t<\/div>\n\t\t\t\t<\/div>\n\t\t\t\t<div class=\"elementor-element elementor-element-8c2b046 elementor-widget elementor-widget-text-editor\" data-id=\"8c2b046\" data-element_type=\"widget\" data-settings=\"{&quot;hoteller_ext_link_sidemenu&quot;:&quot;false&quot;,&quot;hoteller_ext_link_fullmenu&quot;:&quot;false&quot;,&quot;hoteller_ext_is_scrollme&quot;:&quot;false&quot;,&quot;hoteller_ext_is_smoove&quot;:&quot;false&quot;,&quot;hoteller_ext_is_parallax_mouse&quot;:&quot;false&quot;,&quot;hoteller_ext_is_infinite&quot;:&quot;false&quot;,&quot;hoteller_ext_is_fadeout_animation&quot;:&quot;false&quot;,&quot;hoteller_ext_mobile_static&quot;:&quot;false&quot;}\" data-widget_type=\"text-editor.default\">\n\t\t\t\t<div class=\"elementor-widget-container\">\n\t\t\t\t\t\t\t\t\t<p>Die Preisliste ist bis zum 31.12.2026 g\u00fcltig. Aufgef\u00fchrte Leistungen, welche nach diesem Datum in Anspruch genommen werden, haben m\u00f6glicherweise einen abweichenden Preis. Kontaktieren Sie uns diesbez\u00fcglich gerne.<\/p>\t\t\t\t\t\t\t\t<\/div>\n\t\t\t\t<\/div>\n\t\t\t\t\t<\/div>\n\t\t<\/div>\n\t\t\t\t\t<\/div>\n\t\t<\/section>\n\t\t\t\t<\/div>\n\t\t","protected":false},"excerpt":{"rendered":"<p>Die Preisliste ist bis zum 31.12.2026 g\u00fcltig. Aufgef\u00fchrte Leistungen, welche nach diesem Datum in Anspruch genommen werden, haben m\u00f6glicherweise einen abweichenden Preis. Kontaktieren Sie uns diesbez\u00fcglich gerne.<\/p>\n","protected":false},"author":2,"featured_media":0,"parent":0,"menu_order":0,"comment_status":"closed","ping_status":"closed","template":"","meta":{"_monsterinsights_skip_tracking":false,"_monsterinsights_sitenote_active":false,"_monsterinsights_sitenote_note":"","_monsterinsights_sitenote_category":0,"footnotes":""},"class_list":["post-6638","page","type-page","status-publish","hentry"],"aioseo_notices":[],"_links":{"self":[{"href":"https:\/\/kruger-eden-lodge.com\/de\/wp-json\/wp\/v2\/pages\/6638","targetHints":{"allow":["GET"]}}],"collection":[{"href":"https:\/\/kruger-eden-lodge.com\/de\/wp-json\/wp\/v2\/pages"}],"about":[{"href":"https:\/\/kruger-eden-lodge.com\/de\/wp-json\/wp\/v2\/types\/page"}],"author":[{"embeddable":true,"href":"https:\/\/kruger-eden-lodge.com\/de\/wp-json\/wp\/v2\/users\/2"}],"replies":[{"embeddable":true,"href":"https:\/\/kruger-eden-lodge.com\/de\/wp-json\/wp\/v2\/comments?post=6638"}],"version-history":[{"count":5,"href":"https:\/\/kruger-eden-lodge.com\/de\/wp-json\/wp\/v2\/pages\/6638\/revisions"}],"predecessor-version":[{"id":10712,"href":"https:\/\/kruger-eden-lodge.com\/de\/wp-json\/wp\/v2\/pages\/6638\/revisions\/10712"}],"wp:attachment":[{"href":"https:\/\/kruger-eden-lodge.com\/de\/wp-json\/wp\/v2\/media?parent=6638"}],"curies":[{"name":"wp","href":"https:\/\/api.w.org\/{rel}","templated":true}]}}